{"id":22337,"date":"2025-09-10T10:10:51","date_gmt":"2025-09-10T08:10:51","guid":{"rendered":"https:\/\/circus-berlin.de\/hotel\/services\/"},"modified":"2026-03-24T15:22:56","modified_gmt":"2026-03-24T14:22:56","slug":"services","status":"publish","type":"page","link":"https:\/\/circus-berlin.de\/de\/hotel\/services\/","title":{"rendered":"Hotel Services"},"content":{"rendered":"<section class=\"block block-- intro\">\n    <div class=\"background-white-right\"><\/div>\n    <div class=\"container\">\n        <div class=\"row\">\n                        <div class=\"col-lg-8 col-md-12 col-sm-12\">\n                                    <div class=\"text\"><p data-start=\"112\" data-end=\"453\">Unser Rezeptionsteam ist rund um die Uhr f\u00fcr euch da und beantwortet alle eure Fragen \u2013 kommt einfach vorbei, wenn ihr etwas braucht. Entdeckt unseren <strong data-start=\"267\" data-end=\"280\">DIY-Guide<\/strong>, um das Berlin kennenzulernen, das die meisten Reisenden verpassen, und nehmt an unseren <strong data-start=\"370\" data-end=\"407\">exklusiven Touren und Aktivit\u00e4ten<\/strong> teil, die euch <em data-start=\"423\" data-end=\"443\">Behind the Curtain<\/em> f\u00fchren.<\/p>\n<p data-start=\"455\" data-end=\"865\">Genie\u00dft ein entspanntes Fr\u00fchst\u00fcck und abends Cocktails in unserem stilvollen <strong data-start=\"532\" data-end=\"548\">Wintergarten<\/strong> und <strong data-start=\"553\" data-end=\"565\">Innenhof<\/strong>, oder schaut von unserer <strong data-start=\"591\" data-end=\"607\">Dachterrasse<\/strong> aus der Sonne beim Untergehen \u00fcber der Stadt zu \u2013 mit Drinks aus unserer <strong data-start=\"681\" data-end=\"696\">Honesty Bar<\/strong>. Und vergesst nicht, euch die <strong data-start=\"727\" data-end=\"741\">Circus App<\/strong> herunterzuladen \u2013 euer Begleiter f\u00fcr alles rund um euren Aufenthalt: Services, Events und City Guide, alles an einem Ort.<\/p>\n<\/div>\n                \n                \n                            <\/div>\n        <\/div>\n    <\/div>\n<\/section>\n\n<section class=\"gastro-detail-3 haus\">\n    <div class=\"container\">\n        <div class=\"row\">\n                            <div class=\"col-md-12\">\n                    <h2>Unsere Services<\/h2>\n                <\/div>\n            \n            <div class=\"col-md-12\">\n                <div class=\"row\">\n                                                <div class=\"col-md-4\">\n                                <div class=\"item item-3\">\n                                    <div class=\"icon img-contain\" style=\"background-image: url('https:\/\/circus-berlin.de\/wp-content\/uploads\/2020\/12\/Concierge-002.png');\"><\/div>\n                                    <p class=\"text-2\">Rezeption 24h <br>Check-In 15 Uhr | <br>Check-Out 12 Uhr<\/p>\n                                <\/div>\n                            <\/div>\n                                                <div class=\"col-md-4\">\n                                <div class=\"item item-3\">\n                                    <div class=\"icon img-contain\" style=\"background-image: url('https:\/\/circus-berlin.de\/wp-content\/uploads\/2020\/12\/Courtyard-002.png');\"><\/div>\n                                    <p class=\"text-2\">Gem\u00fctlicher Innenhof<\/p>\n                                <\/div>\n                            <\/div>\n                                                <div class=\"col-md-4\">\n                                <div class=\"item item-3\">\n                                    <div class=\"icon img-contain\" style=\"background-image: url('https:\/\/circus-berlin.de\/wp-content\/uploads\/2022\/03\/WIFI-e1648636000731.png');\"><\/div>\n                                    <p class=\"text-2\">Kostenloses WLAN<\/p>\n                                <\/div>\n                            <\/div>\n                                                <div class=\"col-md-4\">\n                                <div class=\"item item-3\">\n                                    <div class=\"icon img-contain\" style=\"background-image: url('https:\/\/circus-berlin.de\/wp-content\/uploads\/2022\/03\/Bar-.png');\"><\/div>\n                                    <p class=\"text-2\">Lost My Voice Bar <br>t\u00e4glich ab 17:00 Uhr ge\u00f6ffnet<\/p>\n                                <\/div>\n                            <\/div>\n                                                <div class=\"col-md-4\">\n                                <div class=\"item item-3\">\n                                    <div class=\"icon img-contain\" style=\"background-image: url('https:\/\/circus-berlin.de\/wp-content\/uploads\/2022\/03\/Meeting-room-002.png');\"><\/div>\n                                    <p class=\"text-2\">Meetingraum f\u00fcr Businessveranstaltungen<\/p>\n                                <\/div>\n                            <\/div>\n                                                <div class=\"col-md-4\">\n                                <div class=\"item item-3\">\n                                    <div class=\"icon img-contain\" style=\"background-image: url('https:\/\/circus-berlin.de\/wp-content\/uploads\/2020\/11\/library.png');\"><\/div>\n                                    <p class=\"text-2\">Bibliothek mit handverlesenen B\u00fcchern<\/p>\n                                <\/div>\n                            <\/div>\n                                                <div class=\"col-md-4\">\n                                <div class=\"item item-3\">\n                                    <div class=\"icon img-contain\" style=\"background-image: url('https:\/\/circus-berlin.de\/wp-content\/uploads\/2022\/03\/Breakfast-002.png');\"><\/div>\n                                    <p class=\"text-2\">\u00c0-la-carte-Fr\u00fchst\u00fcck <\/p>\n                                <\/div>\n                            <\/div>\n                                                <div class=\"col-md-4\">\n                                <div class=\"item item-3\">\n                                    <div class=\"icon img-contain\" style=\"background-image: url('https:\/\/circus-berlin.de\/wp-content\/uploads\/2022\/03\/Roof-Terrace-002.png');\"><\/div>\n                                    <p class=\"text-2\">Dachterrasse mit Honesty Bar<\/p>\n                                <\/div>\n                            <\/div>\n                                                <div class=\"col-md-4\">\n                                <div class=\"item item-3\">\n                                    <div class=\"icon img-contain\" style=\"background-image: url('https:\/\/circus-berlin.de\/wp-content\/uploads\/BehindTheCurtain.png');\"><\/div>\n                                    <p class=\"text-2\">Exklusives \u201cBehind the Curtain\u201d Programm mit Touren und Aktivit\u00e4ten<\/p>\n                                <\/div>\n                            <\/div>\n                                                <div class=\"col-md-4\">\n                                <div class=\"item item-3\">\n                                    <div class=\"icon img-contain\" style=\"background-image: url('https:\/\/circus-berlin.de\/wp-content\/uploads\/2022\/03\/parking-spot.png');\"><\/div>\n                                    <p class=\"text-2\">Parkplatz verf\u00fcgbar f\u00fcr 20\u20ac pro Nacht<\/p>\n                                <\/div>\n                            <\/div>\n                                                <div class=\"col-md-4\">\n                                <div class=\"item item-3\">\n                                    <div class=\"icon img-contain\" style=\"background-image: url('https:\/\/circus-berlin.de\/wp-content\/uploads\/2022\/03\/Iron-board.png');\"><\/div>\n                                    <p class=\"text-2\">B\u00fcgeleisen und B\u00fcgelbrett zum Ausleihen<\/p>\n                                <\/div>\n                            <\/div>\n                                                <div class=\"col-md-4\">\n                                <div class=\"item item-3\">\n                                    <div class=\"icon img-contain\" style=\"background-image: url('https:\/\/circus-berlin.de\/wp-content\/uploads\/2022\/03\/laundry-service.png');\"><\/div>\n                                    <p class=\"text-2\">Reinigungsservice<\/p>\n                                <\/div>\n                            <\/div>\n                                                <div class=\"col-md-4\">\n                                <div class=\"item item-3\">\n                                    <div class=\"icon img-contain\" style=\"background-image: url('https:\/\/circus-berlin.de\/wp-content\/uploads\/2023\/06\/Yoga-002.png');\"><\/div>\n                                    <p class=\"text-2\">Yogamatten zu eurer Verf\u00fcgung<\/p>\n                                <\/div>\n                            <\/div>\n                                                <div class=\"col-md-4\">\n                                <div class=\"item item-3\">\n                                    <div class=\"icon img-contain\" style=\"background-image: url('https:\/\/circus-berlin.de\/wp-content\/uploads\/2023\/06\/gym.png');\"><\/div>\n                                    <p class=\"text-2\">Kooperation mit EVO Fitness <br>Fitnessstudio Tageskarte <\/p>\n                                <\/div>\n                            <\/div>\n                                                <div class=\"col-md-4\">\n                                <div class=\"item item-3\">\n                                    <div class=\"icon img-contain\" style=\"background-image: url('https:\/\/circus-berlin.de\/wp-content\/uploads\/2022\/03\/Luggage-storage-002.png');\"><\/div>\n                                    <p class=\"text-2\">Kostenloser Gep\u00e4ckraum<\/p>\n                                <\/div>\n                            <\/div>\n                                                <div class=\"col-md-4\">\n                                <div class=\"item item-3\">\n                                    <div class=\"icon img-contain\" style=\"background-image: url('https:\/\/circus-berlin.de\/wp-content\/uploads\/2022\/03\/Family-friendly-002.png');\"><\/div>\n                                    <p class=\"text-2\">Familienfreundlichkeit <br>Babybetten und Kinderbetten<\/p>\n                                <\/div>\n                            <\/div>\n                                                <div class=\"col-md-4\">\n                                <div class=\"item item-3\">\n                                    <div class=\"icon img-contain\" style=\"background-image: url('https:\/\/circus-berlin.de\/wp-content\/uploads\/Bikes-002.png');\"><\/div>\n                                    <p class=\"text-2\">Fahrradverleih<\/p>\n                                <\/div>\n                            <\/div>\n                                                <div class=\"col-md-4\">\n                                <div class=\"item item-3\">\n                                    <div class=\"icon img-contain\" style=\"background-image: url('https:\/\/circus-berlin.de\/wp-content\/uploads\/Disable.png');\"><\/div>\n                                    <p class=\"text-2\">Barrierefreiheit<\/p>\n                                <\/div>\n                            <\/div>\n                                                <div class=\"col-md-4\">\n                                <div class=\"item item-3\">\n                                    <div class=\"icon img-contain\" style=\"background-image: url('https:\/\/circus-berlin.de\/wp-content\/uploads\/2022\/03\/Pillow-menu.png');\"><\/div>\n                                    <p class=\"text-2\">Auswahl an Kissen (unser Pillow Menu)<\/p>\n                                <\/div>\n                            <\/div>\n                                                <div class=\"col-md-4\">\n                                <div class=\"item item-3\">\n                                    <div class=\"icon img-contain\" style=\"background-image: url('https:\/\/circus-berlin.de\/wp-content\/uploads\/2022\/03\/Hair-dryer.png');\"><\/div>\n                                    <p class=\"text-2\">Haartrockner<\/p>\n                                <\/div>\n                            <\/div>\n                                                <div class=\"col-md-4\">\n                                <div class=\"item item-3\">\n                                    <div class=\"icon img-contain\" style=\"background-image: url('https:\/\/circus-berlin.de\/wp-content\/uploads\/Cosmetics-sustainable-thecircus.svg');\"><\/div>\n                                    <p class=\"text-2\">Biokosmetik von MALIN+GOETZ<\/p>\n                                <\/div>\n                            <\/div>\n                                    <\/div>\n            <\/div>\n        <\/div>\n    <\/div>\n<\/section>","protected":false},"excerpt":{"rendered":"","protected":false},"author":14,"featured_media":18567,"parent":1925,"menu_order":0,"comment_status":"closed","ping_status":"closed","template":"flexible-layout.php","meta":{"_acf_changed":false,"inline_featured_image":false,"footnotes":""},"class_list":["post-22337","page","type-page","status-publish","has-post-thumbnail","hentry"],"acf":[],"yoast_head":"<!-- This site is optimized with the Yoast SEO plugin v27.3 - https:\/\/yoast.com\/product\/yoast-seo-wordpress\/ -->\n<title>Hotel Services - Circus Berlin<\/title>\n<meta name=\"robots\" content=\"index, follow, max-snippet:-1, max-image-preview:large, max-video-preview:-1\" \/>\n<link rel=\"canonical\" href=\"https:\/\/circus-berlin.de\/de\/hotel\/services\/\" \/>\n<meta property=\"og:locale\" content=\"de_DE\" \/>\n<meta property=\"og:type\" content=\"article\" \/>\n<meta property=\"og:title\" content=\"Hotel Services - Circus Berlin\" \/>\n<meta property=\"og:url\" content=\"https:\/\/circus-berlin.de\/de\/hotel\/services\/\" \/>\n<meta property=\"og:site_name\" content=\"Circus Berlin\" \/>\n<meta property=\"article:modified_time\" content=\"2026-03-24T14:22:56+00:00\" \/>\n<meta property=\"og:image\" content=\"https:\/\/circus-berlin.de\/wp-content\/uploads\/The-Circus_Hotel_4724_Carolin-Weinkopf-1-2-scaled.jpg\" \/>\n\t<meta property=\"og:image:width\" content=\"2560\" \/>\n\t<meta property=\"og:image:height\" content=\"1707\" \/>\n\t<meta property=\"og:image:type\" content=\"image\/jpeg\" \/>\n<meta name=\"twitter:card\" content=\"summary_large_image\" \/>\n<meta name=\"twitter:label1\" content=\"Gesch\u00e4tzte Lesezeit\" \/>\n\t<meta name=\"twitter:data1\" content=\"1\u00a0Minute\" \/>\n<script type=\"application\/ld+json\" class=\"yoast-schema-graph\">{\"@context\":\"https:\\\/\\\/schema.org\",\"@graph\":[{\"@type\":\"WebPage\",\"@id\":\"https:\\\/\\\/circus-berlin.de\\\/de\\\/hotel\\\/services\\\/\",\"url\":\"https:\\\/\\\/circus-berlin.de\\\/de\\\/hotel\\\/services\\\/\",\"name\":\"Hotel Services - Circus Berlin\",\"isPartOf\":{\"@id\":\"https:\\\/\\\/circus-berlin.de\\\/#website\"},\"primaryImageOfPage\":{\"@id\":\"https:\\\/\\\/circus-berlin.de\\\/de\\\/hotel\\\/services\\\/#primaryimage\"},\"image\":{\"@id\":\"https:\\\/\\\/circus-berlin.de\\\/de\\\/hotel\\\/services\\\/#primaryimage\"},\"thumbnailUrl\":\"https:\\\/\\\/circus-berlin.de\\\/wp-content\\\/uploads\\\/The-Circus_Hotel_4724_Carolin-Weinkopf-1-2-scaled.jpg\",\"datePublished\":\"2025-09-10T08:10:51+00:00\",\"dateModified\":\"2026-03-24T14:22:56+00:00\",\"breadcrumb\":{\"@id\":\"https:\\\/\\\/circus-berlin.de\\\/de\\\/hotel\\\/services\\\/#breadcrumb\"},\"inLanguage\":\"de\",\"potentialAction\":[{\"@type\":\"ReadAction\",\"target\":[\"https:\\\/\\\/circus-berlin.de\\\/de\\\/hotel\\\/services\\\/\"]}]},{\"@type\":\"ImageObject\",\"inLanguage\":\"de\",\"@id\":\"https:\\\/\\\/circus-berlin.de\\\/de\\\/hotel\\\/services\\\/#primaryimage\",\"url\":\"https:\\\/\\\/circus-berlin.de\\\/wp-content\\\/uploads\\\/The-Circus_Hotel_4724_Carolin-Weinkopf-1-2-scaled.jpg\",\"contentUrl\":\"https:\\\/\\\/circus-berlin.de\\\/wp-content\\\/uploads\\\/The-Circus_Hotel_4724_Carolin-Weinkopf-1-2-scaled.jpg\",\"width\":2560,\"height\":1707},{\"@type\":\"BreadcrumbList\",\"@id\":\"https:\\\/\\\/circus-berlin.de\\\/de\\\/hotel\\\/services\\\/#breadcrumb\",\"itemListElement\":[{\"@type\":\"ListItem\",\"position\":1,\"name\":\"Startseite\",\"item\":\"https:\\\/\\\/circus-berlin.de\\\/de\\\/\"},{\"@type\":\"ListItem\",\"position\":2,\"name\":\"Hotel\",\"item\":\"https:\\\/\\\/circus-berlin.de\\\/de\\\/hotel\\\/\"},{\"@type\":\"ListItem\",\"position\":3,\"name\":\"Hotel Services\"}]},{\"@type\":\"WebSite\",\"@id\":\"https:\\\/\\\/circus-berlin.de\\\/#website\",\"url\":\"https:\\\/\\\/circus-berlin.de\\\/\",\"name\":\"Circus Berlin\",\"description\":\"Hotel, Hostel, Apartmenthouse \u2013 Three Houses in the Heart of Berlin\",\"potentialAction\":[{\"@type\":\"SearchAction\",\"target\":{\"@type\":\"EntryPoint\",\"urlTemplate\":\"https:\\\/\\\/circus-berlin.de\\\/?s={search_term_string}\"},\"query-input\":{\"@type\":\"PropertyValueSpecification\",\"valueRequired\":true,\"valueName\":\"search_term_string\"}}],\"inLanguage\":\"de\"}]}<\/script>\n<!-- \/ Yoast SEO plugin. -->","yoast_head_json":{"title":"Hotel Services - Circus Berlin","robots":{"index":"index","follow":"follow","max-snippet":"max-snippet:-1","max-image-preview":"max-image-preview:large","max-video-preview":"max-video-preview:-1"},"canonical":"https:\/\/circus-berlin.de\/de\/hotel\/services\/","og_locale":"de_DE","og_type":"article","og_title":"Hotel Services - Circus Berlin","og_url":"https:\/\/circus-berlin.de\/de\/hotel\/services\/","og_site_name":"Circus Berlin","article_modified_time":"2026-03-24T14:22:56+00:00","og_image":[{"width":2560,"height":1707,"url":"https:\/\/circus-berlin.de\/wp-content\/uploads\/The-Circus_Hotel_4724_Carolin-Weinkopf-1-2-scaled.jpg","type":"image\/jpeg"}],"twitter_card":"summary_large_image","twitter_misc":{"Gesch\u00e4tzte Lesezeit":"1\u00a0Minute"},"schema":{"@context":"https:\/\/schema.org","@graph":[{"@type":"WebPage","@id":"https:\/\/circus-berlin.de\/de\/hotel\/services\/","url":"https:\/\/circus-berlin.de\/de\/hotel\/services\/","name":"Hotel Services - Circus Berlin","isPartOf":{"@id":"https:\/\/circus-berlin.de\/#website"},"primaryImageOfPage":{"@id":"https:\/\/circus-berlin.de\/de\/hotel\/services\/#primaryimage"},"image":{"@id":"https:\/\/circus-berlin.de\/de\/hotel\/services\/#primaryimage"},"thumbnailUrl":"https:\/\/circus-berlin.de\/wp-content\/uploads\/The-Circus_Hotel_4724_Carolin-Weinkopf-1-2-scaled.jpg","datePublished":"2025-09-10T08:10:51+00:00","dateModified":"2026-03-24T14:22:56+00:00","breadcrumb":{"@id":"https:\/\/circus-berlin.de\/de\/hotel\/services\/#breadcrumb"},"inLanguage":"de","potentialAction":[{"@type":"ReadAction","target":["https:\/\/circus-berlin.de\/de\/hotel\/services\/"]}]},{"@type":"ImageObject","inLanguage":"de","@id":"https:\/\/circus-berlin.de\/de\/hotel\/services\/#primaryimage","url":"https:\/\/circus-berlin.de\/wp-content\/uploads\/The-Circus_Hotel_4724_Carolin-Weinkopf-1-2-scaled.jpg","contentUrl":"https:\/\/circus-berlin.de\/wp-content\/uploads\/The-Circus_Hotel_4724_Carolin-Weinkopf-1-2-scaled.jpg","width":2560,"height":1707},{"@type":"BreadcrumbList","@id":"https:\/\/circus-berlin.de\/de\/hotel\/services\/#breadcrumb","itemListElement":[{"@type":"ListItem","position":1,"name":"Startseite","item":"https:\/\/circus-berlin.de\/de\/"},{"@type":"ListItem","position":2,"name":"Hotel","item":"https:\/\/circus-berlin.de\/de\/hotel\/"},{"@type":"ListItem","position":3,"name":"Hotel Services"}]},{"@type":"WebSite","@id":"https:\/\/circus-berlin.de\/#website","url":"https:\/\/circus-berlin.de\/","name":"Circus Berlin","description":"Hotel, Hostel, Apartmenthouse \u2013 Three Houses in the Heart of Berlin","potentialAction":[{"@type":"SearchAction","target":{"@type":"EntryPoint","urlTemplate":"https:\/\/circus-berlin.de\/?s={search_term_string}"},"query-input":{"@type":"PropertyValueSpecification","valueRequired":true,"valueName":"search_term_string"}}],"inLanguage":"de"}]}},"_links":{"self":[{"href":"https:\/\/circus-berlin.de\/de\/wp-json\/wp\/v2\/pages\/22337","targetHints":{"allow":["GET"]}}],"collection":[{"href":"https:\/\/circus-berlin.de\/de\/wp-json\/wp\/v2\/pages"}],"about":[{"href":"https:\/\/circus-berlin.de\/de\/wp-json\/wp\/v2\/types\/page"}],"author":[{"embeddable":true,"href":"https:\/\/circus-berlin.de\/de\/wp-json\/wp\/v2\/users\/14"}],"replies":[{"embeddable":true,"href":"https:\/\/circus-berlin.de\/de\/wp-json\/wp\/v2\/comments?post=22337"}],"version-history":[{"count":5,"href":"https:\/\/circus-berlin.de\/de\/wp-json\/wp\/v2\/pages\/22337\/revisions"}],"predecessor-version":[{"id":23850,"href":"https:\/\/circus-berlin.de\/de\/wp-json\/wp\/v2\/pages\/22337\/revisions\/23850"}],"up":[{"embeddable":true,"href":"https:\/\/circus-berlin.de\/de\/wp-json\/wp\/v2\/pages\/1925"}],"wp:featuredmedia":[{"embeddable":true,"href":"https:\/\/circus-berlin.de\/de\/wp-json\/wp\/v2\/media\/18567"}],"wp:attachment":[{"href":"https:\/\/circus-berlin.de\/de\/wp-json\/wp\/v2\/media?parent=22337"}],"curies":[{"name":"wp","href":"https:\/\/api.w.org\/{rel}","templated":true}]}}