{"id":22342,"date":"2025-09-10T10:12:44","date_gmt":"2025-09-10T08:12:44","guid":{"rendered":"https:\/\/circus-berlin.de\/apartmenthouse\/services\/"},"modified":"2026-02-10T18:38:31","modified_gmt":"2026-02-10T17:38:31","slug":"services","status":"publish","type":"page","link":"https:\/\/circus-berlin.de\/de\/apartmenthouse\/services\/","title":{"rendered":"Apartmenthouse Services"},"content":{"rendered":"<section class=\"block block-- intro\">\n    <div class=\"background-white-right\"><\/div>\n    <div class=\"container\">\n        <div class=\"row\">\n                        <div class=\"col-lg-8 col-md-12 col-sm-12\">\n                                    <div class=\"text\"><p>In den Circus Apartments steht euch unser Concierge-Team jederzeit zur Seite, damit ihr eure Zeit in der Stadt in eurem Berliner <em>home away from home<\/em> bestm\u00f6glich nutzen k\u00f6nnt. Sagt uns einfach, wie wir euren Aufenthalt noch angenehmer machen k\u00f6nnen \u2013 vom<strong> <a href=\"https:\/\/form.typeform.com\/to\/lY8F8fW1\">Full-Fridge-Service<\/a> <\/strong>vor eurer Ankunft bis hin zu allem, was ihr f\u00fcr eure Familie braucht: von Babybetten und Hochst\u00fchlen bis hin zu Spielsachen, die f\u00fcr Unterhaltung sorgen.<\/p>\n<p>Im Erdgeschoss serviert euch Erchy\u2019s leckeres Fr\u00fchst\u00fcck, Snacks und Drinks den ganzen Tag \u00fcber. Au\u00dferdem k\u00f6nnt ihr an unserem exklusiven Programm aus Touren und Aktivit\u00e4ten teilnehmen, um die Stadt noch besser kennenzulernen. Und vergesst nicht, euch die <strong>Circus App<\/strong> herunterzuladen \u2013 euer Begleiter f\u00fcr alles rund um euren Aufenthalt: Services, Events und City Guide, alles in einer App.<\/p>\n<\/div>\n                \n                \n                            <\/div>\n        <\/div>\n    <\/div>\n<\/section>\n\n<section class=\"gastro-detail-3 haus\">\n    <div class=\"container\">\n        <div class=\"row\">\n                            <div class=\"col-md-12\">\n                    <h2>Unsere Services<\/h2>\n                <\/div>\n            \n            <div class=\"col-md-12\">\n                <div class=\"row\">\n                                                <div class=\"col-md-4\">\n                                <div class=\"item item-3\">\n                                    <div class=\"icon img-contain\" style=\"background-image: url('https:\/\/circus-berlin.de\/wp-content\/uploads\/2020\/12\/Concierge-002.png');\"><\/div>\n                                    <p class=\"text-2\">Conciergedienst von 7 am bis 9 pm <br> Auch \u00fcber WhatsApp oder per Telefonanruf erreichbar <\/p>\n                                <\/div>\n                            <\/div>\n                                                <div class=\"col-md-4\">\n                                <div class=\"item item-3\">\n                                    <div class=\"icon img-contain\" style=\"background-image: url('https:\/\/circus-berlin.de\/wp-content\/uploads\/2022\/03\/Family-friendly-002.png');\"><\/div>\n                                    <p class=\"text-2\">Familienfreundlich: Babybetten, Hochst\u00fchle, Spielzeug und weiteres Equipment auf Anfrage<\/p>\n                                <\/div>\n                            <\/div>\n                                                <div class=\"col-md-4\">\n                                <div class=\"item item-3\">\n                                    <div class=\"icon img-contain\" style=\"background-image: url('https:\/\/circus-berlin.de\/wp-content\/uploads\/2020\/11\/Cafe-002.png');\"><\/div>\n                                    <p class=\"text-2\">Erchy\u2019s Caf\u00e9 t\u00e4glich ge\u00f6ffnet <br>f\u00fcr Fr\u00fchst\u00fcck, Snacks, Kuchen und Getr\u00e4nke<\/p>\n                                <\/div>\n                            <\/div>\n                                                <div class=\"col-md-4\">\n                                <div class=\"item item-3\">\n                                    <div class=\"icon img-contain\" style=\"background-image: url('https:\/\/circus-berlin.de\/wp-content\/uploads\/2022\/03\/Fridge-service-002.png');\"><\/div>\n                                    <p class=\"text-2\">Voll ausgestattete K\u00fcche <br>K\u00fchlschrankservice auf Anfrage vor Anreise<\/p>\n                                <\/div>\n                            <\/div>\n                                                <div class=\"col-md-4\">\n                                <div class=\"item item-3\">\n                                    <div class=\"icon img-contain\" style=\"background-image: url('https:\/\/circus-berlin.de\/wp-content\/uploads\/2020\/12\/coffee-beans.png');\"><\/div>\n                                    <p class=\"text-2\">Kostenloser Kaffee &#038; Tee<\/p>\n                                <\/div>\n                            <\/div>\n                                                <div class=\"col-md-4\">\n                                <div class=\"item item-3\">\n                                    <div class=\"icon img-contain\" style=\"background-image: url('https:\/\/circus-berlin.de\/wp-content\/uploads\/2023\/05\/Room-service-Icon-1.png');\"><\/div>\n                                    <p class=\"text-2\">Zimmerservice entsprechend den \u00d6ffnungszeiten des Caf\u00e9s verf\u00fcgbar<\/p>\n                                <\/div>\n                            <\/div>\n                                                <div class=\"col-md-4\">\n                                <div class=\"item item-3\">\n                                    <div class=\"icon img-contain\" style=\"background-image: url('https:\/\/circus-berlin.de\/wp-content\/uploads\/mini-bar.png');\"><\/div>\n                                    <p class=\"text-2\">Mini-bar<\/p>\n                                <\/div>\n                            <\/div>\n                                                <div class=\"col-md-4\">\n                                <div class=\"item item-3\">\n                                    <div class=\"icon img-contain\" style=\"background-image: url('https:\/\/circus-berlin.de\/wp-content\/uploads\/2020\/12\/Bed.png');\"><\/div>\n                                    <p class=\"text-2\">Birkenstock Boxspringbetten mit premium Matratzen <\/p>\n                                <\/div>\n                            <\/div>\n                                                <div class=\"col-md-4\">\n                                <div class=\"item item-3\">\n                                    <div class=\"icon img-contain\" style=\"background-image: url('https:\/\/circus-berlin.de\/wp-content\/uploads\/2020\/10\/Tante-Emma.png');\"><\/div>\n                                    <p class=\"text-2\">Snack-Bar und kleines Souvenirshop <br> an der Rezeption <\/p>\n                                <\/div>\n                            <\/div>\n                                                <div class=\"col-md-4\">\n                                <div class=\"item item-3\">\n                                    <div class=\"icon img-contain\" style=\"background-image: url('https:\/\/circus-berlin.de\/wp-content\/uploads\/2022\/03\/conciergerie.png');\"><\/div>\n                                    <p class=\"text-2\">Separater Zugang zu den Apartments und Briefk\u00e4sten<\/p>\n                                <\/div>\n                            <\/div>\n                                                <div class=\"col-md-4\">\n                                <div class=\"item item-3\">\n                                    <div class=\"icon img-contain\" style=\"background-image: url('https:\/\/circus-berlin.de\/wp-content\/uploads\/2022\/03\/Quite.png');\"><\/div>\n                                    <p class=\"text-2\">H\u00f6chster Standard an Schallschutzfenstern in einer ruhigen Seitenstra\u00dfe<\/p>\n                                <\/div>\n                            <\/div>\n                                                <div class=\"col-md-4\">\n                                <div class=\"item item-3\">\n                                    <div class=\"icon img-contain\" style=\"background-image: url('https:\/\/circus-berlin.de\/wp-content\/uploads\/2022\/03\/WIFI-e1648636000731.png');\"><\/div>\n                                    <p class=\"text-2\">High-speed gratis WLAN<\/p>\n                                <\/div>\n                            <\/div>\n                                                <div class=\"col-md-4\">\n                                <div class=\"item item-3\">\n                                    <div class=\"icon img-contain\" style=\"background-image: url('https:\/\/circus-berlin.de\/wp-content\/uploads\/2022\/03\/TV.png');\"><\/div>\n                                    <p class=\"text-2\">65&#8243; Samsung Smart TV<\/p>\n                                <\/div>\n                            <\/div>\n                                                <div class=\"col-md-4\">\n                                <div class=\"item item-3\">\n                                    <div class=\"icon img-contain\" style=\"background-image: url('https:\/\/circus-berlin.de\/wp-content\/uploads\/2022\/03\/Laundry-002-1.png');\"><\/div>\n                                    <p class=\"text-2\">Waschmaschine und Trockner zur freien Verf\u00fcgung<\/p>\n                                <\/div>\n                            <\/div>\n                                                <div class=\"col-md-4\">\n                                <div class=\"item item-3\">\n                                    <div class=\"icon img-contain\" style=\"background-image: url('https:\/\/circus-berlin.de\/wp-content\/uploads\/2022\/03\/laundry-service.png');\"><\/div>\n                                    <p class=\"text-2\">Reinigungsservice (auf Anfrage gegen Geb\u00fchr) <\/p>\n                                <\/div>\n                            <\/div>\n                                                <div class=\"col-md-4\">\n                                <div class=\"item item-3\">\n                                    <div class=\"icon img-contain\" style=\"background-image: url('https:\/\/circus-berlin.de\/wp-content\/uploads\/2022\/03\/parking-spot.png');\"><\/div>\n                                    <p class=\"text-2\">Parkplatz in der Tiefgarage <br>f\u00fcr 20\u20ac pro Nacht verf\u00fcgbar <\/p>\n                                <\/div>\n                            <\/div>\n                                                <div class=\"col-md-4\">\n                                <div class=\"item item-3\">\n                                    <div class=\"icon img-contain\" style=\"background-image: url('https:\/\/circus-berlin.de\/wp-content\/uploads\/2022\/03\/Meeting-room-002.png');\"><\/div>\n                                    <p class=\"text-2\">Tagungsr\u00e4ume verf\u00fcgbar f\u00fcr Businessveranstaltungen<\/p>\n                                <\/div>\n                            <\/div>\n                                                <div class=\"col-md-4\">\n                                <div class=\"item item-3\">\n                                    <div class=\"icon img-contain\" style=\"background-image: url('https:\/\/circus-berlin.de\/wp-content\/uploads\/BehindTheCurtain.png');\"><\/div>\n                                    <p class=\"text-2\">Exklusives Eventsprogramm mit Stadtf\u00fchrungen und Community-Events<\/p>\n                                <\/div>\n                            <\/div>\n                                                <div class=\"col-md-4\">\n                                <div class=\"item item-3\">\n                                    <div class=\"icon img-contain\" style=\"background-image: url('https:\/\/circus-berlin.de\/wp-content\/uploads\/Bikes-002.png');\"><\/div>\n                                    <p class=\"text-2\">Fahrrad und Babboe Elektro <br>Lastenfahrrad Verleih<\/p>\n                                <\/div>\n                            <\/div>\n                                                <div class=\"col-md-4\">\n                                <div class=\"item item-3\">\n                                    <div class=\"icon img-contain\" style=\"background-image: url('https:\/\/circus-berlin.de\/wp-content\/uploads\/2023\/06\/Yoga-002.png');\"><\/div>\n                                    <p class=\"text-2\">Yogamatten auf Anfrage <\/p>\n                                <\/div>\n                            <\/div>\n                                                <div class=\"col-md-4\">\n                                <div class=\"item item-3\">\n                                    <div class=\"icon img-contain\" style=\"background-image: url('https:\/\/circus-berlin.de\/wp-content\/uploads\/2023\/06\/gym.png');\"><\/div>\n                                    <p class=\"text-2\">Kooperation mit EVO Fitness <br>Fitnessstudio Tageskarte<\/p>\n                                <\/div>\n                            <\/div>\n                                    <\/div>\n            <\/div>\n        <\/div>\n    <\/div>\n<\/section>","protected":false},"excerpt":{"rendered":"","protected":false},"author":14,"featured_media":16816,"parent":1926,"menu_order":0,"comment_status":"closed","ping_status":"closed","template":"flexible-layout.php","meta":{"_acf_changed":false,"inline_featured_image":false,"footnotes":""},"class_list":["post-22342","page","type-page","status-publish","has-post-thumbnail","hentry"],"acf":[],"yoast_head":"<!-- This site is optimized with the Yoast SEO plugin v27.3 - https:\/\/yoast.com\/product\/yoast-seo-wordpress\/ -->\n<title>Apartmenthouse Services - Circus Berlin<\/title>\n<meta name=\"robots\" content=\"index, follow, max-snippet:-1, max-image-preview:large, max-video-preview:-1\" \/>\n<link rel=\"canonical\" href=\"https:\/\/circus-berlin.de\/de\/apartmenthouse\/services\/\" \/>\n<meta property=\"og:locale\" content=\"de_DE\" \/>\n<meta property=\"og:type\" content=\"article\" \/>\n<meta property=\"og:title\" content=\"Apartmenthouse Services - Circus Berlin\" \/>\n<meta property=\"og:url\" content=\"https:\/\/circus-berlin.de\/de\/apartmenthouse\/services\/\" \/>\n<meta property=\"og:site_name\" content=\"Circus Berlin\" \/>\n<meta property=\"article:modified_time\" content=\"2026-02-10T17:38:31+00:00\" \/>\n<meta property=\"og:image\" content=\"https:\/\/circus-berlin.de\/wp-content\/uploads\/The-Circus_Apartments_5027_Carolin-Weinkopf-scaled.jpg\" \/>\n\t<meta property=\"og:image:width\" content=\"2560\" \/>\n\t<meta property=\"og:image:height\" content=\"1707\" \/>\n\t<meta property=\"og:image:type\" content=\"image\/jpeg\" \/>\n<meta name=\"twitter:card\" content=\"summary_large_image\" \/>\n<meta name=\"twitter:label1\" content=\"Gesch\u00e4tzte Lesezeit\" \/>\n\t<meta name=\"twitter:data1\" content=\"1\u00a0Minute\" \/>\n<script type=\"application\/ld+json\" class=\"yoast-schema-graph\">{\"@context\":\"https:\\\/\\\/schema.org\",\"@graph\":[{\"@type\":\"WebPage\",\"@id\":\"https:\\\/\\\/circus-berlin.de\\\/de\\\/apartmenthouse\\\/services\\\/\",\"url\":\"https:\\\/\\\/circus-berlin.de\\\/de\\\/apartmenthouse\\\/services\\\/\",\"name\":\"Apartmenthouse Services - Circus Berlin\",\"isPartOf\":{\"@id\":\"https:\\\/\\\/circus-berlin.de\\\/#website\"},\"primaryImageOfPage\":{\"@id\":\"https:\\\/\\\/circus-berlin.de\\\/de\\\/apartmenthouse\\\/services\\\/#primaryimage\"},\"image\":{\"@id\":\"https:\\\/\\\/circus-berlin.de\\\/de\\\/apartmenthouse\\\/services\\\/#primaryimage\"},\"thumbnailUrl\":\"https:\\\/\\\/circus-berlin.de\\\/wp-content\\\/uploads\\\/The-Circus_Apartments_5027_Carolin-Weinkopf-scaled.jpg\",\"datePublished\":\"2025-09-10T08:12:44+00:00\",\"dateModified\":\"2026-02-10T17:38:31+00:00\",\"breadcrumb\":{\"@id\":\"https:\\\/\\\/circus-berlin.de\\\/de\\\/apartmenthouse\\\/services\\\/#breadcrumb\"},\"inLanguage\":\"de\",\"potentialAction\":[{\"@type\":\"ReadAction\",\"target\":[\"https:\\\/\\\/circus-berlin.de\\\/de\\\/apartmenthouse\\\/services\\\/\"]}]},{\"@type\":\"ImageObject\",\"inLanguage\":\"de\",\"@id\":\"https:\\\/\\\/circus-berlin.de\\\/de\\\/apartmenthouse\\\/services\\\/#primaryimage\",\"url\":\"https:\\\/\\\/circus-berlin.de\\\/wp-content\\\/uploads\\\/The-Circus_Apartments_5027_Carolin-Weinkopf-scaled.jpg\",\"contentUrl\":\"https:\\\/\\\/circus-berlin.de\\\/wp-content\\\/uploads\\\/The-Circus_Apartments_5027_Carolin-Weinkopf-scaled.jpg\",\"width\":2560,\"height\":1707},{\"@type\":\"BreadcrumbList\",\"@id\":\"https:\\\/\\\/circus-berlin.de\\\/de\\\/apartmenthouse\\\/services\\\/#breadcrumb\",\"itemListElement\":[{\"@type\":\"ListItem\",\"position\":1,\"name\":\"Startseite\",\"item\":\"https:\\\/\\\/circus-berlin.de\\\/de\\\/\"},{\"@type\":\"ListItem\",\"position\":2,\"name\":\"Apartmenthouse\",\"item\":\"https:\\\/\\\/circus-berlin.de\\\/de\\\/apartmenthouse\\\/\"},{\"@type\":\"ListItem\",\"position\":3,\"name\":\"Apartmenthouse Services\"}]},{\"@type\":\"WebSite\",\"@id\":\"https:\\\/\\\/circus-berlin.de\\\/#website\",\"url\":\"https:\\\/\\\/circus-berlin.de\\\/\",\"name\":\"Circus Berlin\",\"description\":\"Hotel, Hostel, Apartmenthouse \u2013 Three Houses in the Heart of Berlin\",\"potentialAction\":[{\"@type\":\"SearchAction\",\"target\":{\"@type\":\"EntryPoint\",\"urlTemplate\":\"https:\\\/\\\/circus-berlin.de\\\/?s={search_term_string}\"},\"query-input\":{\"@type\":\"PropertyValueSpecification\",\"valueRequired\":true,\"valueName\":\"search_term_string\"}}],\"inLanguage\":\"de\"}]}<\/script>\n<!-- \/ Yoast SEO plugin. -->","yoast_head_json":{"title":"Apartmenthouse Services - Circus Berlin","robots":{"index":"index","follow":"follow","max-snippet":"max-snippet:-1","max-image-preview":"max-image-preview:large","max-video-preview":"max-video-preview:-1"},"canonical":"https:\/\/circus-berlin.de\/de\/apartmenthouse\/services\/","og_locale":"de_DE","og_type":"article","og_title":"Apartmenthouse Services - Circus Berlin","og_url":"https:\/\/circus-berlin.de\/de\/apartmenthouse\/services\/","og_site_name":"Circus Berlin","article_modified_time":"2026-02-10T17:38:31+00:00","og_image":[{"width":2560,"height":1707,"url":"https:\/\/circus-berlin.de\/wp-content\/uploads\/The-Circus_Apartments_5027_Carolin-Weinkopf-scaled.jpg","type":"image\/jpeg"}],"twitter_card":"summary_large_image","twitter_misc":{"Gesch\u00e4tzte Lesezeit":"1\u00a0Minute"},"schema":{"@context":"https:\/\/schema.org","@graph":[{"@type":"WebPage","@id":"https:\/\/circus-berlin.de\/de\/apartmenthouse\/services\/","url":"https:\/\/circus-berlin.de\/de\/apartmenthouse\/services\/","name":"Apartmenthouse Services - Circus Berlin","isPartOf":{"@id":"https:\/\/circus-berlin.de\/#website"},"primaryImageOfPage":{"@id":"https:\/\/circus-berlin.de\/de\/apartmenthouse\/services\/#primaryimage"},"image":{"@id":"https:\/\/circus-berlin.de\/de\/apartmenthouse\/services\/#primaryimage"},"thumbnailUrl":"https:\/\/circus-berlin.de\/wp-content\/uploads\/The-Circus_Apartments_5027_Carolin-Weinkopf-scaled.jpg","datePublished":"2025-09-10T08:12:44+00:00","dateModified":"2026-02-10T17:38:31+00:00","breadcrumb":{"@id":"https:\/\/circus-berlin.de\/de\/apartmenthouse\/services\/#breadcrumb"},"inLanguage":"de","potentialAction":[{"@type":"ReadAction","target":["https:\/\/circus-berlin.de\/de\/apartmenthouse\/services\/"]}]},{"@type":"ImageObject","inLanguage":"de","@id":"https:\/\/circus-berlin.de\/de\/apartmenthouse\/services\/#primaryimage","url":"https:\/\/circus-berlin.de\/wp-content\/uploads\/The-Circus_Apartments_5027_Carolin-Weinkopf-scaled.jpg","contentUrl":"https:\/\/circus-berlin.de\/wp-content\/uploads\/The-Circus_Apartments_5027_Carolin-Weinkopf-scaled.jpg","width":2560,"height":1707},{"@type":"BreadcrumbList","@id":"https:\/\/circus-berlin.de\/de\/apartmenthouse\/services\/#breadcrumb","itemListElement":[{"@type":"ListItem","position":1,"name":"Startseite","item":"https:\/\/circus-berlin.de\/de\/"},{"@type":"ListItem","position":2,"name":"Apartmenthouse","item":"https:\/\/circus-berlin.de\/de\/apartmenthouse\/"},{"@type":"ListItem","position":3,"name":"Apartmenthouse Services"}]},{"@type":"WebSite","@id":"https:\/\/circus-berlin.de\/#website","url":"https:\/\/circus-berlin.de\/","name":"Circus Berlin","description":"Hotel, Hostel, Apartmenthouse \u2013 Three Houses in the Heart of Berlin","potentialAction":[{"@type":"SearchAction","target":{"@type":"EntryPoint","urlTemplate":"https:\/\/circus-berlin.de\/?s={search_term_string}"},"query-input":{"@type":"PropertyValueSpecification","valueRequired":true,"valueName":"search_term_string"}}],"inLanguage":"de"}]}},"_links":{"self":[{"href":"https:\/\/circus-berlin.de\/de\/wp-json\/wp\/v2\/pages\/22342","targetHints":{"allow":["GET"]}}],"collection":[{"href":"https:\/\/circus-berlin.de\/de\/wp-json\/wp\/v2\/pages"}],"about":[{"href":"https:\/\/circus-berlin.de\/de\/wp-json\/wp\/v2\/types\/page"}],"author":[{"embeddable":true,"href":"https:\/\/circus-berlin.de\/de\/wp-json\/wp\/v2\/users\/14"}],"replies":[{"embeddable":true,"href":"https:\/\/circus-berlin.de\/de\/wp-json\/wp\/v2\/comments?post=22342"}],"version-history":[{"count":10,"href":"https:\/\/circus-berlin.de\/de\/wp-json\/wp\/v2\/pages\/22342\/revisions"}],"predecessor-version":[{"id":23392,"href":"https:\/\/circus-berlin.de\/de\/wp-json\/wp\/v2\/pages\/22342\/revisions\/23392"}],"up":[{"embeddable":true,"href":"https:\/\/circus-berlin.de\/de\/wp-json\/wp\/v2\/pages\/1926"}],"wp:featuredmedia":[{"embeddable":true,"href":"https:\/\/circus-berlin.de\/de\/wp-json\/wp\/v2\/media\/16816"}],"wp:attachment":[{"href":"https:\/\/circus-berlin.de\/de\/wp-json\/wp\/v2\/media?parent=22342"}],"curies":[{"name":"wp","href":"https:\/\/api.w.org\/{rel}","templated":true}]}}